{"id":586,"date":"2023-05-01T22:09:12","date_gmt":"2023-05-01T22:09:12","guid":{"rendered":"https:\/\/ocg.tn\/?page_id=586"},"modified":"2023-05-30T09:21:40","modified_gmt":"2023-05-30T08:21:40","slug":"elementor-586","status":"publish","type":"page","link":"https:\/\/ocg.tn\/fr\/elementor-586\/","title":{"rendered":"Nos \u00e9v\u00e8nements"},"content":{"rendered":"<div data-elementor-type=\"wp-page\" data-elementor-id=\"586\" class=\"elementor elementor-586\">\n\t\t\t\t\t\t<section class=\"elementor-section elementor-top-section elementor-element elementor-element-70a9bda6 elementor-section-boxed elementor-section-height-default elementor-section-height-default\" data-id=\"70a9bda6\" data-element_type=\"section\" data-e-type=\"section\">\n\t\t\t\t\t\t<div class=\"elementor-container elementor-column-gap-default\">\n\t\t\t\t\t<div class=\"elementor-column elementor-col-50 elementor-top-column elementor-element elementor-element-51cb2bfb\" data-id=\"51cb2bfb\" data-element_type=\"column\" data-e-type=\"column\">\n\t\t\t<div class=\"elementor-widget-wrap elementor-element-populated\">\n\t\t\t\t\t\t<div class=\"elementor-element elementor-element-37843b83 elementor-invisible elementor-widget elementor-widget-heading\" data-id=\"37843b83\" data-element_type=\"widget\" data-e-type=\"widget\" data-settings=\"{&quot;_animation&quot;:&quot;fadeIn&quot;}\" data-widget_type=\"heading.default\">\n\t\t\t\t<div class=\"elementor-widget-container\">\n\t\t\t\t\t<h2 class=\"elementor-heading-title elementor-size-default\"><h4 data-elementor-setting-key=\"title\" data-pen-placeholder=\"\u00c9crivez ici...\" style=\"line-height: 1em;font-size: 28.8px;letter-spacing: normal\">Formations professionnelles \u00e0 nos partenaires <\/h4><\/h2>\t\t\t\t<\/div>\n\t\t\t\t<\/div>\n\t\t\t\t<div class=\"elementor-element elementor-element-4e913d9e elementor-widget__width-auto elementor-widget-divider--view-line elementor-invisible elementor-widget elementor-widget-divider\" data-id=\"4e913d9e\" data-element_type=\"widget\" data-e-type=\"widget\" data-settings=\"{&quot;_animation&quot;:&quot;fadeIn&quot;,&quot;_animation_delay&quot;:50}\" data-widget_type=\"divider.default\">\n\t\t\t\t<div class=\"elementor-widget-container\">\n\t\t\t\t\t\t\t<div class=\"elementor-divider\">\n\t\t\t<span class=\"elementor-divider-separator\">\n\t\t\t\t\t\t<\/span>\n\t\t<\/div>\n\t\t\t\t\t\t<\/div>\n\t\t\t\t<\/div>\n\t\t\t\t<div class=\"elementor-element elementor-element-17737d4f elementor-invisible elementor-widget elementor-widget-text-editor\" data-id=\"17737d4f\" data-element_type=\"widget\" data-e-type=\"widget\" data-settings=\"{&quot;_animation&quot;:&quot;fadeIn&quot;,&quot;_animation_delay&quot;:50}\" data-widget_type=\"text-editor.default\">\n\t\t\t\t<div class=\"elementor-widget-container\">\n\t\t\t\t\t\t\t\t\t<p>Oral Concept Group s'implique activement dans la formation sp\u00e9cialis\u00e9e, principalement pour renforcer sa relation avec ses clients et \u00eatre toujours \u00e0 jour sur les nouvelles techniques. Nous nous effor\u00e7ons d'offrir en permanence des formations de qualit\u00e9 pour permettre \u00e0 nos m\u00e9decins dentistes de partager leur exp\u00e9rience avec des experts de renomm\u00e9e internationale<\/p>\t\t\t\t\t\t\t\t<\/div>\n\t\t\t\t<\/div>\n\t\t\t\t<div class=\"elementor-element elementor-element-14504ef1 elementor-invisible elementor-widget elementor-widget-heading\" data-id=\"14504ef1\" data-element_type=\"widget\" data-e-type=\"widget\" data-settings=\"{&quot;_animation&quot;:&quot;fadeIn&quot;,&quot;_animation_delay&quot;:100}\" data-widget_type=\"heading.default\">\n\t\t\t\t<div class=\"elementor-widget-container\">\n\t\t\t\t\t<h4 class=\"elementor-heading-title elementor-size-default\"><a href=\"https:\/\/ocg.tn\/fr\/contact\/\">Contactez-nous pour <br>en savoir plus<\/a><\/h4>\t\t\t\t<\/div>\n\t\t\t\t<\/div>\n\t\t\t\t\t<\/div>\n\t\t<\/div>\n\t\t\t\t<div class=\"elementor-column elementor-col-50 elementor-top-column elementor-element elementor-element-5ad146c4\" data-id=\"5ad146c4\" data-element_type=\"column\" data-e-type=\"column\">\n\t\t\t<div class=\"elementor-widget-wrap elementor-element-populated\">\n\t\t\t\t\t\t<div class=\"elementor-element elementor-element-1fe347c elementor-invisible elementor-widget elementor-widget-image\" data-id=\"1fe347c\" data-element_type=\"widget\" data-e-type=\"widget\" data-settings=\"{&quot;_animation&quot;:&quot;fadeIn&quot;,&quot;_animation_tablet&quot;:&quot;fadeIn&quot;,&quot;motion_fx_motion_fx_scrolling&quot;:&quot;yes&quot;,&quot;motion_fx_blur_effect&quot;:&quot;yes&quot;,&quot;motion_fx_blur_level&quot;:{&quot;unit&quot;:&quot;px&quot;,&quot;size&quot;:4,&quot;sizes&quot;:[]},&quot;motion_fx_blur_range&quot;:{&quot;unit&quot;:&quot;%&quot;,&quot;size&quot;:&quot;&quot;,&quot;sizes&quot;:{&quot;start&quot;:0,&quot;end&quot;:35}},&quot;motion_fx_blur_direction&quot;:&quot;out-in&quot;,&quot;motion_fx_devices&quot;:[&quot;desktop&quot;,&quot;tablet&quot;,&quot;mobile&quot;]}\" data-widget_type=\"image.default\">\n\t\t\t\t<div class=\"elementor-widget-container\">\n\t\t\t\t\t\t\t\t\t\t\t\t\t\t\t<img decoding=\"async\" src=\"https:\/\/ocg.tn\/wp-content\/uploads\/elementor\/thumbs\/successful-doctor-at-conference-2LG9CM5-q5ovvae1lika4a7g712r7kj3lgaznzm1rz6mnv683m.jpg\" title=\"successful-doctor-at-conference-2LG9CM5.jpg\" alt=\"successful-doctor-at-conference-2LG9CM5.jpg\" loading=\"lazy\" \/>\t\t\t\t\t\t\t\t\t\t\t\t\t\t\t<\/div>\n\t\t\t\t<\/div>\n\t\t\t\t\t<\/div>\n\t\t<\/div>\n\t\t\t\t\t<\/div>\n\t\t<\/section>\n\t\t\t\t<section class=\"elementor-section elementor-top-section elementor-element elementor-element-1f2c5906 elementor-section-boxed elementor-section-height-default elementor-section-height-default\" data-id=\"1f2c5906\" data-element_type=\"section\" data-e-type=\"section\">\n\t\t\t\t\t\t<div class=\"elementor-container elementor-column-gap-default\">\n\t\t\t\t\t<div class=\"elementor-column elementor-col-100 elementor-top-column elementor-element elementor-element-6b90c685\" data-id=\"6b90c685\" data-element_type=\"column\" data-e-type=\"column\">\n\t\t\t<div class=\"elementor-widget-wrap elementor-element-populated\">\n\t\t\t\t\t\t<div class=\"elementor-element elementor-element-50f08429 elementor-widget__width-inherit animated-slow elementor-invisible elementor-widget elementor-widget-heading\" data-id=\"50f08429\" data-element_type=\"widget\" data-e-type=\"widget\" data-settings=\"{&quot;_animation&quot;:&quot;zoomIn&quot;,&quot;_animation_mobile&quot;:&quot;zoomIn&quot;}\" data-widget_type=\"heading.default\">\n\t\t\t\t<div class=\"elementor-widget-container\">\n\t\t\t\t\t<h1 class=\"elementor-heading-title elementor-size-default\">Gallerie<\/h1>\t\t\t\t<\/div>\n\t\t\t\t<\/div>\n\t\t\t\t<div class=\"elementor-element elementor-element-3b486ec elementor-widget elementor-widget-spacer\" data-id=\"3b486ec\" data-element_type=\"widget\" data-e-type=\"widget\" data-widget_type=\"spacer.default\">\n\t\t\t\t<div class=\"elementor-widget-container\">\n\t\t\t\t\t\t\t<div class=\"elementor-spacer\">\n\t\t\t<div class=\"elementor-spacer-inner\"><\/div>\n\t\t<\/div>\n\t\t\t\t\t\t<\/div>\n\t\t\t\t<\/div>\n\t\t\t\t<div class=\"elementor-section elementor-inner-section elementor-element elementor-element-5c7d2709 elementor-section-full_width elementor-section-height-default elementor-section-height-default\" data-id=\"5c7d2709\" data-element_type=\"section\" data-e-type=\"section\">\n\t\t\t\t\t\t<div class=\"elementor-container elementor-column-gap-default\">\n\t\t\t\t\t<div class=\"elementor-column elementor-col-50 elementor-inner-column elementor-element elementor-element-73744abf\" data-id=\"73744abf\" data-element_type=\"column\" data-e-type=\"column\">\n\t\t\t<div class=\"elementor-widget-wrap elementor-element-populated\">\n\t\t\t\t\t\t<div class=\"elementor-element elementor-element-29990b06 elementor-invisible elementor-widget elementor-widget-image\" data-id=\"29990b06\" data-element_type=\"widget\" data-e-type=\"widget\" data-settings=\"{&quot;_animation&quot;:&quot;fadeIn&quot;,&quot;_animation_mobile&quot;:&quot;fadeIn&quot;}\" data-widget_type=\"image.default\">\n\t\t\t\t<div class=\"elementor-widget-container\">\n\t\t\t\t\t\t\t\t\t\t\t\t<figure class=\"wp-caption\">\n\t\t\t\t\t\t\t\t\t\t\t<a href=\"https:\/\/ocg.tn\/wp-content\/uploads\/2023\/05\/336580279_529244125949793_4283324026587727006_n.jpg\" data-elementor-open-lightbox=\"yes\" data-elementor-lightbox-title=\"336580279_529244125949793_4283324026587727006_n\" data-elementor-lightbox-description=\"Foire dentium\" data-e-action-hash=\"#elementor-action%3Aaction%3Dlightbox%26settings%3DeyJpZCI6NDU3LCJ1cmwiOiJodHRwczpcL1wvb2NnLnRuXC93cC1jb250ZW50XC91cGxvYWRzXC8yMDIzXC8wNVwvMzM2NTgwMjc5XzUyOTI0NDEyNTk0OTc5M180MjgzMzI0MDI2NTg3NzI3MDA2X24uanBnIn0%3D\">\n\t\t\t\t\t\t\t<img decoding=\"async\" src=\"https:\/\/ocg.tn\/wp-content\/uploads\/elementor\/thumbs\/336580279_529244125949793_4283324026587727006_n-q5u1jycb3n6kvzbq415g7zywntbzewy63zntohv3rc.jpg\" title=\"336580279_529244125949793_4283324026587727006_n\" alt=\"Foire dentium\" loading=\"lazy\" \/>\t\t\t\t\t\t\t\t<\/a>\n\t\t\t\t\t\t\t\t\t\t\t<figcaption class=\"widget-image-caption wp-caption-text\">Foire dentium<\/figcaption>\n\t\t\t\t\t\t\t\t\t\t<\/figure>\n\t\t\t\t\t\t\t\t\t<\/div>\n\t\t\t\t<\/div>\n\t\t\t\t<div class=\"elementor-element elementor-element-759b0fe6 elementor-invisible elementor-widget elementor-widget-image\" data-id=\"759b0fe6\" data-element_type=\"widget\" data-e-type=\"widget\" data-settings=\"{&quot;_animation&quot;:&quot;fadeIn&quot;,&quot;_animation_mobile&quot;:&quot;fadeIn&quot;,&quot;_animation_delay&quot;:200}\" data-widget_type=\"image.default\">\n\t\t\t\t<div class=\"elementor-widget-container\">\n\t\t\t\t\t\t\t\t\t\t\t\t<figure class=\"wp-caption\">\n\t\t\t\t\t\t\t\t\t\t\t<a href=\"https:\/\/ocg.tn\/wp-content\/uploads\/2023\/05\/271112783_1613387049008311_1074938957586146424_n.jpg\" data-elementor-open-lightbox=\"yes\" data-elementor-lightbox-title=\"271112783_1613387049008311_1074938957586146424_n\" data-e-action-hash=\"#elementor-action%3Aaction%3Dlightbox%26settings%3DeyJpZCI6NTkwLCJ1cmwiOiJodHRwczpcL1wvb2NnLnRuXC93cC1jb250ZW50XC91cGxvYWRzXC8yMDIzXC8wNVwvMjcxMTEyNzgzXzE2MTMzODcwNDkwMDgzMTFfMTA3NDkzODk1NzU4NjE0NjQyNF9uLmpwZyJ9\">\n\t\t\t\t\t\t\t<img decoding=\"async\" src=\"https:\/\/ocg.tn\/wp-content\/uploads\/elementor\/thumbs\/271112783_1613387049008311_1074938957586146424_n-q5uczku07xccyjfhghqm1frbq1pj93tfzya8gagxok.jpg\" title=\"271112783_1613387049008311_1074938957586146424_n\" alt=\"Happy NewYear Celebration\" loading=\"lazy\" \/>\t\t\t\t\t\t\t\t<\/a>\n\t\t\t\t\t\t\t\t\t\t\t<figcaption class=\"widget-image-caption wp-caption-text\">Happy NewYear Celebration <\/figcaption>\n\t\t\t\t\t\t\t\t\t\t<\/figure>\n\t\t\t\t\t\t\t\t\t<\/div>\n\t\t\t\t<\/div>\n\t\t\t\t\t<\/div>\n\t\t<\/div>\n\t\t\t\t<div class=\"elementor-column elementor-col-50 elementor-inner-column elementor-element elementor-element-4b329453\" data-id=\"4b329453\" data-element_type=\"column\" data-e-type=\"column\">\n\t\t\t<div class=\"elementor-widget-wrap elementor-element-populated\">\n\t\t\t\t\t\t<div class=\"elementor-element elementor-element-23f64d9c elementor-widget__width-initial elementor-widget-mobile__width-inherit elementor-invisible elementor-widget elementor-widget-image\" data-id=\"23f64d9c\" data-element_type=\"widget\" data-e-type=\"widget\" data-settings=\"{&quot;_animation&quot;:&quot;fadeIn&quot;,&quot;_animation_delay&quot;:50}\" data-widget_type=\"image.default\">\n\t\t\t\t<div class=\"elementor-widget-container\">\n\t\t\t\t\t\t\t\t\t\t\t\t<figure class=\"wp-caption\">\n\t\t\t\t\t\t\t\t\t\t\t<a href=\"https:\/\/ocg.tn\/wp-content\/uploads\/2023\/05\/346065131_496997925885568_4677804256936523438_n.jpg\" data-elementor-open-lightbox=\"yes\" data-elementor-lightbox-title=\"Oral concept group formation\" data-e-action-hash=\"#elementor-action%3Aaction%3Dlightbox%26settings%3DeyJpZCI6ODI2LCJ1cmwiOiJodHRwczpcL1wvb2NnLnRuXC93cC1jb250ZW50XC91cGxvYWRzXC8yMDIzXC8wNVwvMzQ2MDY1MTMxXzQ5Njk5NzkyNTg4NTU2OF80Njc3ODA0MjU2OTM2NTIzNDM4X24uanBnIn0%3D\">\n\t\t\t\t\t\t\t<img decoding=\"async\" src=\"https:\/\/ocg.tn\/wp-content\/uploads\/elementor\/thumbs\/346065131_496997925885568_4677804256936523438_n-q8bwj5c9r1pu0xuz5oydg8k5eu0ceymie3cr65kyh0.jpg\" title=\"Oral concept group formation\" alt=\"Formation \u00e0 Budapest Oral concpt group tunisie\" loading=\"lazy\" \/>\t\t\t\t\t\t\t\t<\/a>\n\t\t\t\t\t\t\t\t\t\t\t<figcaption class=\"widget-image-caption wp-caption-text\">Formation \u00e0 Budapest Oral concpt group tunisie <\/figcaption>\n\t\t\t\t\t\t\t\t\t\t<\/figure>\n\t\t\t\t\t\t\t\t\t<\/div>\n\t\t\t\t<\/div>\n\t\t\t\t<div class=\"elementor-element elementor-element-28c1318f elementor-widget__width-initial elementor-widget-mobile__width-inherit elementor-invisible elementor-widget elementor-widget-image\" data-id=\"28c1318f\" data-element_type=\"widget\" data-e-type=\"widget\" data-settings=\"{&quot;_animation&quot;:&quot;fadeIn&quot;,&quot;_animation_delay&quot;:100}\" data-widget_type=\"image.default\">\n\t\t\t\t<div class=\"elementor-widget-container\">\n\t\t\t\t\t\t\t\t\t\t\t\t\t\t\t\t<a href=\"https:\/\/ocg.tn\/wp-content\/uploads\/2023\/05\/274866368_1654524608227888_3983465418314691773_n.jpg\" data-elementor-open-lightbox=\"yes\" data-elementor-lightbox-title=\"274866368_1654524608227888_3983465418314691773_n\" data-e-action-hash=\"#elementor-action%3Aaction%3Dlightbox%26settings%3DeyJpZCI6NTkyLCJ1cmwiOiJodHRwczpcL1wvb2NnLnRuXC93cC1jb250ZW50XC91cGxvYWRzXC8yMDIzXC8wNVwvMjc0ODY2MzY4XzE2NTQ1MjQ2MDgyMjc4ODhfMzk4MzQ2NTQxODMxNDY5MTc3M19uLmpwZyJ9\">\n\t\t\t\t\t\t\t<img decoding=\"async\" src=\"https:\/\/ocg.tn\/wp-content\/uploads\/elementor\/thumbs\/274866368_1654524608227888_3983465418314691773_n-q5uczmpollexlrcr5ijv6fa8wtg9oi0wo7l7eue5c4.jpg\" title=\"274866368_1654524608227888_3983465418314691773_n\" alt=\"274866368_1654524608227888_3983465418314691773_n\" loading=\"lazy\" \/>\t\t\t\t\t\t\t\t<\/a>\n\t\t\t\t\t\t\t\t\t\t\t\t\t\t\t<\/div>\n\t\t\t\t<\/div>\n\t\t\t\t<div class=\"elementor-element elementor-element-54484792 elementor-invisible elementor-widget elementor-widget-image\" data-id=\"54484792\" data-element_type=\"widget\" data-e-type=\"widget\" data-settings=\"{&quot;_animation&quot;:&quot;fadeIn&quot;,&quot;_animation_delay&quot;:150}\" data-widget_type=\"image.default\">\n\t\t\t\t<div class=\"elementor-widget-container\">\n\t\t\t\t\t\t\t\t\t\t\t\t<figure class=\"wp-caption\">\n\t\t\t\t\t\t\t\t\t\t\t<a href=\"https:\/\/ocg.tn\/wp-content\/uploads\/2023\/05\/258748587_1585878331759183_6605344108021437687_n.jpg\" data-elementor-open-lightbox=\"yes\" data-elementor-lightbox-title=\"258748587_1585878331759183_6605344108021437687_n\" data-e-action-hash=\"#elementor-action%3Aaction%3Dlightbox%26settings%3DeyJpZCI6NTg5LCJ1cmwiOiJodHRwczpcL1wvb2NnLnRuXC93cC1jb250ZW50XC91cGxvYWRzXC8yMDIzXC8wNVwvMjU4NzQ4NTg3XzE1ODU4NzgzMzE3NTkxODNfNjYwNTM0NDEwODAyMTQzNzY4N19uLmpwZyJ9\">\n\t\t\t\t\t\t\t<img decoding=\"async\" src=\"https:\/\/ocg.tn\/wp-content\/uploads\/elementor\/thumbs\/258748587_1585878331759183_6605344108021437687_n-q5uczjwb339tv3swg4r7zj1nqf4jvswtng6p44i4j2.jpg\" title=\"258748587_1585878331759183_6605344108021437687_n\" alt=\"Formation \u00e0 Novotel Tunis Lac.\" loading=\"lazy\" \/>\t\t\t\t\t\t\t\t<\/a>\n\t\t\t\t\t\t\t\t\t\t\t<figcaption class=\"widget-image-caption wp-caption-text\">Formation \u00e0 Novotel Tunis Lac.<\/figcaption>\n\t\t\t\t\t\t\t\t\t\t<\/figure>\n\t\t\t\t\t\t\t\t\t<\/div>\n\t\t\t\t<\/div>\n\t\t\t\t\t<\/div>\n\t\t<\/div>\n\t\t\t\t\t<\/div>\n\t\t<\/div>\n\t\t\t\t<div class=\"elementor-section elementor-inner-section elementor-element elementor-element-14d401f5 elementor-section-full_width elementor-section-height-default elementor-section-height-default\" data-id=\"14d401f5\" data-element_type=\"section\" data-e-type=\"section\">\n\t\t\t\t\t\t<div class=\"elementor-container elementor-column-gap-default\">\n\t\t\t\t\t<div class=\"elementor-column elementor-col-50 elementor-inner-column elementor-element elementor-element-433c6f0\" data-id=\"433c6f0\" data-element_type=\"column\" data-e-type=\"column\">\n\t\t\t<div class=\"elementor-widget-wrap elementor-element-populated\">\n\t\t\t\t\t\t<div class=\"elementor-element elementor-element-1fa3bd71 elementor-invisible elementor-widget elementor-widget-image\" data-id=\"1fa3bd71\" data-element_type=\"widget\" data-e-type=\"widget\" data-settings=\"{&quot;_animation&quot;:&quot;fadeIn&quot;,&quot;_animation_mobile&quot;:&quot;fadeIn&quot;,&quot;_animation_delay&quot;:250}\" data-widget_type=\"image.default\">\n\t\t\t\t<div class=\"elementor-widget-container\">\n\t\t\t\t\t\t\t\t\t\t\t\t\t\t\t\t<a href=\"https:\/\/ocg.tn\/wp-content\/uploads\/2023\/05\/274981255_1654527788227570_2590077620778204338_n.jpg\" data-elementor-open-lightbox=\"yes\" data-elementor-lightbox-title=\"274981255_1654527788227570_2590077620778204338_n\" data-e-action-hash=\"#elementor-action%3Aaction%3Dlightbox%26settings%3DeyJpZCI6NTk0LCJ1cmwiOiJodHRwczpcL1wvb2NnLnRuXC93cC1jb250ZW50XC91cGxvYWRzXC8yMDIzXC8wNVwvMjc0OTgxMjU1XzE2NTQ1Mjc3ODgyMjc1NzBfMjU5MDA3NzYyMDc3ODIwNDMzOF9uLmpwZyJ9\">\n\t\t\t\t\t\t\t<img decoding=\"async\" src=\"https:\/\/ocg.tn\/wp-content\/uploads\/elementor\/thumbs\/274981255_1654527788227570_2590077620778204338_n-q5uczolgmtvlbhoqo9c811zo543ag37cz9fwf35oyo.jpg\" title=\"274981255_1654527788227570_2590077620778204338_n\" alt=\"274981255_1654527788227570_2590077620778204338_n\" loading=\"lazy\" \/>\t\t\t\t\t\t\t\t<\/a>\n\t\t\t\t\t\t\t\t\t\t\t\t\t\t\t<\/div>\n\t\t\t\t<\/div>\n\t\t\t\t\t<\/div>\n\t\t<\/div>\n\t\t\t\t<div class=\"elementor-column elementor-col-50 elementor-inner-column elementor-element elementor-element-6dae486c elementor-invisible\" data-id=\"6dae486c\" data-element_type=\"column\" data-e-type=\"column\" data-settings=\"{&quot;animation&quot;:&quot;fadeIn&quot;,&quot;animation_delay&quot;:300}\">\n\t\t\t<div class=\"elementor-widget-wrap elementor-element-populated\">\n\t\t\t\t\t\t<div class=\"elementor-element elementor-element-72236fd3 elementor-widget elementor-widget-image\" data-id=\"72236fd3\" data-element_type=\"widget\" data-e-type=\"widget\" data-widget_type=\"image.default\">\n\t\t\t\t<div class=\"elementor-widget-container\">\n\t\t\t\t\t\t\t\t\t\t\t\t\t\t\t\t<a href=\"https:\/\/ocg.tn\/wp-content\/uploads\/2023\/05\/274881701_1654524641561218_6812775991893782958_n.jpg\" data-elementor-open-lightbox=\"yes\" data-elementor-lightbox-title=\"274881701_1654524641561218_6812775991893782958_n\" data-e-action-hash=\"#elementor-action%3Aaction%3Dlightbox%26settings%3DeyJpZCI6NTkxLCJ1cmwiOiJodHRwczpcL1wvb2NnLnRuXC93cC1jb250ZW50XC91cGxvYWRzXC8yMDIzXC8wNVwvMjc0ODgxNzAxXzE2NTQ1MjQ2NDE1NjEyMThfNjgxMjc3NTk5MTg5Mzc4Mjk1OF9uLmpwZyJ9\">\n\t\t\t\t\t\t\t<img decoding=\"async\" src=\"https:\/\/ocg.tn\/wp-content\/uploads\/elementor\/thumbs\/274881701_1654524641561218_6812775991893782958_n-q5uczlry2brqcnsu4q4cbkpacyh6szw5yvhfz99vhc.jpg\" title=\"274881701_1654524641561218_6812775991893782958_n\" alt=\"274881701_1654524641561218_6812775991893782958_n\" loading=\"lazy\" \/>\t\t\t\t\t\t\t\t<\/a>\n\t\t\t\t\t\t\t\t\t\t\t\t\t\t\t<\/div>\n\t\t\t\t<\/div>\n\t\t\t\t\t<\/div>\n\t\t<\/div>\n\t\t\t\t\t<\/div>\n\t\t<\/div>\n\t\t\t\t<div class=\"elementor-element elementor-element-4ca8392c elementor-align-center animated-slow elementor-invisible elementor-widget elementor-widget-button\" data-id=\"4ca8392c\" data-element_type=\"widget\" data-e-type=\"widget\" data-settings=\"{&quot;_animation&quot;:&quot;fadeInUp&quot;}\" data-widget_type=\"button.default\">\n\t\t\t\t<div class=\"elementor-widget-container\">\n\t\t\t\t\t\t\t\t\t<div class=\"elementor-button-wrapper\">\n\t\t\t\t\t<a class=\"elementor-button elementor-button-link elementor-size-sm\" href=\"https:\/\/ocg.tn\/fr\/\">\n\t\t\t\t\t\t<span class=\"elementor-button-content-wrapper\">\n\t\t\t\t\t\t\t\t\t<span class=\"elementor-button-text\">Nos prochains \u00e9v\u00e8nements<\/span>\n\t\t\t\t\t<\/span>\n\t\t\t\t\t<\/a>\n\t\t\t\t<\/div>\n\t\t\t\t\t\t\t\t<\/div>\n\t\t\t\t<\/div>\n\t\t\t\t\t<\/div>\n\t\t<\/div>\n\t\t\t\t\t<\/div>\n\t\t<\/section>\n\t\t\t\t<\/div>","protected":false},"excerpt":{"rendered":"<p>Professionals trainings to our partners Oral Concept Group is actively involved in specialized training, mainly to strengthen its relationship with its clients and to always be up-to-date on new techniques. We strive to continually offer quality training to allow our dental doctors to share their experience with internationally renowned experts CONTACT US TO KNOW ABOUT [&hellip;]<\/p>","protected":false},"author":1,"featured_media":0,"parent":0,"menu_order":0,"comment_status":"closed","ping_status":"closed","template":"","meta":{"footnotes":""},"class_list":["post-586","page","type-page","status-publish","hentry"],"_links":{"self":[{"href":"https:\/\/ocg.tn\/fr\/wp-json\/wp\/v2\/pages\/586","targetHints":{"allow":["GET"]}}],"collection":[{"href":"https:\/\/ocg.tn\/fr\/wp-json\/wp\/v2\/pages"}],"about":[{"href":"https:\/\/ocg.tn\/fr\/wp-json\/wp\/v2\/types\/page"}],"author":[{"embeddable":true,"href":"https:\/\/ocg.tn\/fr\/wp-json\/wp\/v2\/users\/1"}],"replies":[{"embeddable":true,"href":"https:\/\/ocg.tn\/fr\/wp-json\/wp\/v2\/comments?post=586"}],"version-history":[{"count":23,"href":"https:\/\/ocg.tn\/fr\/wp-json\/wp\/v2\/pages\/586\/revisions"}],"predecessor-version":[{"id":855,"href":"https:\/\/ocg.tn\/fr\/wp-json\/wp\/v2\/pages\/586\/revisions\/855"}],"wp:attachment":[{"href":"https:\/\/ocg.tn\/fr\/wp-json\/wp\/v2\/media?parent=586"}],"curies":[{"name":"wp","href":"https:\/\/api.w.org\/{rel}","templated":true}]}}