{"id":966,"date":"2023-07-07T17:58:56","date_gmt":"2023-07-07T16:58:56","guid":{"rendered":"https:\/\/ocg.tn\/?page_id=966"},"modified":"2023-07-07T18:09:51","modified_gmt":"2023-07-07T17:09:51","slug":"blog","status":"publish","type":"page","link":"https:\/\/ocg.tn\/fr\/blog\/","title":{"rendered":"BLOG"},"content":{"rendered":"<div data-elementor-type=\"wp-page\" data-elementor-id=\"966\" class=\"elementor elementor-966\">\n\t\t\t\t\t\t<section class=\"elementor-section elementor-top-section elementor-element elementor-element-6482931c elementor-section-boxed elementor-section-height-default elementor-section-height-default\" data-id=\"6482931c\" data-element_type=\"section\" data-e-type=\"section\" data-settings=\"{&quot;background_background&quot;:&quot;classic&quot;}\">\n\t\t\t\t\t\t<div class=\"elementor-container elementor-column-gap-default\">\n\t\t\t\t\t<div class=\"elementor-column elementor-col-100 elementor-top-column elementor-element elementor-element-11ad8a6a\" data-id=\"11ad8a6a\" data-element_type=\"column\" data-e-type=\"column\">\n\t\t\t<div class=\"elementor-widget-wrap elementor-element-populated\">\n\t\t\t\t\t\t<div class=\"elementor-element elementor-element-9def8b animated-slow elementor-grid-3 elementor-grid-tablet-2 elementor-grid-mobile-1 elementor-posts--thumbnail-top elementor-invisible elementor-widget elementor-widget-posts\" data-id=\"9def8b\" data-element_type=\"widget\" data-e-type=\"widget\" data-settings=\"{&quot;_animation&quot;:&quot;fadeIn&quot;,&quot;classic_columns&quot;:&quot;3&quot;,&quot;classic_columns_tablet&quot;:&quot;2&quot;,&quot;classic_columns_mobile&quot;:&quot;1&quot;,&quot;classic_row_gap&quot;:{&quot;unit&quot;:&quot;px&quot;,&quot;size&quot;:35,&quot;sizes&quot;:[]},&quot;classic_row_gap_tablet&quot;:{&quot;unit&quot;:&quot;px&quot;,&quot;size&quot;:&quot;&quot;,&quot;sizes&quot;:[]},&quot;classic_row_gap_mobile&quot;:{&quot;unit&quot;:&quot;px&quot;,&quot;size&quot;:&quot;&quot;,&quot;sizes&quot;:[]}}\" data-widget_type=\"posts.classic\">\n\t\t\t\t<div class=\"elementor-widget-container\">\n\t\t\t\t\t\t\t<div class=\"elementor-posts-container elementor-posts elementor-posts--skin-classic elementor-grid\">\n\t\t\t\t<article class=\"elementor-post elementor-grid-item post-917 post type-post status-publish format-standard has-post-thumbnail hentry category-laboratoire-dentaire\">\n\t\t\t\t<a class=\"elementor-post__thumbnail__link\" href=\"https:\/\/ocg.tn\/fr\/comment-choisir-son-materiel-pour-un-laboratoire-dentaire-en-tunisie\/\" >\n\t\t\t<div class=\"elementor-post__thumbnail\"><img fetchpriority=\"high\" decoding=\"async\" width=\"1536\" height=\"1024\" src=\"https:\/\/ocg.tn\/wp-content\/uploads\/2023\/05\/pexels-daniel-frank-305566-1536x1024.jpg\" class=\"attachment-1536x1536 size-1536x1536 wp-image-638\" alt=\"\" srcset=\"https:\/\/ocg.tn\/wp-content\/uploads\/2023\/05\/pexels-daniel-frank-305566-1536x1024.jpg 1536w, https:\/\/ocg.tn\/wp-content\/uploads\/2023\/05\/pexels-daniel-frank-305566-300x200.jpg 300w, https:\/\/ocg.tn\/wp-content\/uploads\/2023\/05\/pexels-daniel-frank-305566-1024x683.jpg 1024w, https:\/\/ocg.tn\/wp-content\/uploads\/2023\/05\/pexels-daniel-frank-305566-768x512.jpg 768w, https:\/\/ocg.tn\/wp-content\/uploads\/2023\/05\/pexels-daniel-frank-305566-2048x1365.jpg 2048w\" sizes=\"(max-width: 1536px) 100vw, 1536px\" \/><\/div>\n\t\t<\/a>\n\t\t\t\t<div class=\"elementor-post__text\">\n\t\t\t\t<div class=\"elementor-post__title\">\n\t\t\t<a href=\"https:\/\/ocg.tn\/fr\/comment-choisir-son-materiel-pour-un-laboratoire-dentaire-en-tunisie\/\" >\n\t\t\t\tComment choisir son mat\u00e9riel pour un laboratoire dentaire en Tunisie ?\t\t\t<\/a>\n\t\t<\/div>\n\t\t\t\t<div class=\"elementor-post__meta-data\">\n\t\t\t\t\t<span class=\"elementor-post-date\">\n\t\t\tjuin 7, 2023\t\t<\/span>\n\t\t\t\t<\/div>\n\t\t\t\t<div class=\"elementor-post__excerpt\">\n\t\t\t<p>Le choix du mat\u00e9riel dentaire est d&#8217;une importance capitale pour toutlaboratoire dentaire en Tunisie. Les dentistes et les proth\u00e9sistesutilisent ces<\/p>\n\t\t<\/div>\n\t\t\t\t<\/div>\n\t\t\t\t<\/article>\n\t\t\t\t<article class=\"elementor-post elementor-grid-item post-938 post type-post status-publish format-standard has-post-thumbnail hentry category-dentaire category-laboratoire-dentaire\">\n\t\t\t\t<a class=\"elementor-post__thumbnail__link\" href=\"https:\/\/ocg.tn\/fr\/limprimante-3d-asiga-la-revolution-de-la-dentisterie-personnalisee\/\" >\n\t\t\t<div class=\"elementor-post__thumbnail\"><img decoding=\"async\" width=\"388\" height=\"348\" src=\"https:\/\/ocg.tn\/wp-content\/uploads\/2023\/05\/asiga-max-1423-e1685436804534.jpg\" class=\"attachment-1536x1536 size-1536x1536 wp-image-890\" alt=\"\" srcset=\"https:\/\/ocg.tn\/wp-content\/uploads\/2023\/05\/asiga-max-1423-e1685436804534.jpg 388w, https:\/\/ocg.tn\/wp-content\/uploads\/2023\/05\/asiga-max-1423-e1685436804534-300x269.jpg 300w\" sizes=\"(max-width: 388px) 100vw, 388px\" \/><\/div>\n\t\t<\/a>\n\t\t\t\t<div class=\"elementor-post__text\">\n\t\t\t\t<div class=\"elementor-post__title\">\n\t\t\t<a href=\"https:\/\/ocg.tn\/fr\/limprimante-3d-asiga-la-revolution-de-la-dentisterie-personnalisee\/\" >\n\t\t\t\tL\u2019imprimante 3D Asiga : La R\u00e9volution De La Dentisterie Personnalis\u00e9e\u200b\t\t\t<\/a>\n\t\t<\/div>\n\t\t\t\t<div class=\"elementor-post__meta-data\">\n\t\t\t\t\t<span class=\"elementor-post-date\">\n\t\t\tjuin 9, 2023\t\t<\/span>\n\t\t\t\t<\/div>\n\t\t\t\t<div class=\"elementor-post__excerpt\">\n\t\t\t<p>OCG a choisi un partenaire exceptionnel qu\u2019est Asiga. Connu pour ses imprimantes 3D, ces derni\u00e8res se sont av\u00e9r\u00e9es \u00eatre les<\/p>\n\t\t<\/div>\n\t\t\t\t<\/div>\n\t\t\t\t<\/article>\n\t\t\t\t<article class=\"elementor-post elementor-grid-item post-954 post type-post status-publish format-standard has-post-thumbnail hentry category-laboratoire-dentaire\">\n\t\t\t\t<a class=\"elementor-post__thumbnail__link\" href=\"https:\/\/ocg.tn\/fr\/lessor-de-la-dentisterie-digitale-en-tunisie-une-revolution-dans-les-soins-dentaires\/\" >\n\t\t\t<div class=\"elementor-post__thumbnail\"><img decoding=\"async\" width=\"1536\" height=\"1024\" src=\"https:\/\/ocg.tn\/wp-content\/uploads\/2023\/04\/young-woman-at-dental-exam-3XD85GH-1-e1585310843295-1536x1024.jpg\" class=\"attachment-1536x1536 size-1536x1536 wp-image-438\" alt=\"\" srcset=\"https:\/\/ocg.tn\/wp-content\/uploads\/2023\/04\/young-woman-at-dental-exam-3XD85GH-1-e1585310843295-1536x1024.jpg 1536w, https:\/\/ocg.tn\/wp-content\/uploads\/2023\/04\/young-woman-at-dental-exam-3XD85GH-1-e1585310843295-300x200.jpg 300w, https:\/\/ocg.tn\/wp-content\/uploads\/2023\/04\/young-woman-at-dental-exam-3XD85GH-1-e1585310843295-1024x683.jpg 1024w, https:\/\/ocg.tn\/wp-content\/uploads\/2023\/04\/young-woman-at-dental-exam-3XD85GH-1-e1585310843295-768x512.jpg 768w, https:\/\/ocg.tn\/wp-content\/uploads\/2023\/04\/young-woman-at-dental-exam-3XD85GH-1-e1585310843295.jpg 1920w\" sizes=\"(max-width: 1536px) 100vw, 1536px\" \/><\/div>\n\t\t<\/a>\n\t\t\t\t<div class=\"elementor-post__text\">\n\t\t\t\t<div class=\"elementor-post__title\">\n\t\t\t<a href=\"https:\/\/ocg.tn\/fr\/lessor-de-la-dentisterie-digitale-en-tunisie-une-revolution-dans-les-soins-dentaires\/\" >\n\t\t\t\tL&#8217;essor de la dentisterie digitale en Tunisie : une r\u00e9volution dans les soins dentaires\t\t\t<\/a>\n\t\t<\/div>\n\t\t\t\t<div class=\"elementor-post__meta-data\">\n\t\t\t\t\t<span class=\"elementor-post-date\">\n\t\t\tjuin 22, 2023\t\t<\/span>\n\t\t\t\t<\/div>\n\t\t\t\t<div class=\"elementor-post__excerpt\">\n\t\t\t<p>La dentisterie digitale et l&#8216;intelligence artificielle sont deux domaines de pointe qui r\u00e9volutionnent l&#8217;industrie dentaire, offrant des solutions innovantes pour<\/p>\n\t\t<\/div>\n\t\t\t\t<\/div>\n\t\t\t\t<\/article>\n\t\t\t\t<article class=\"elementor-post elementor-grid-item post-987 post type-post status-publish format-standard has-post-thumbnail hentry category-dentaire category-laboratoire-dentaire\">\n\t\t\t\t<a class=\"elementor-post__thumbnail__link\" href=\"https:\/\/ocg.tn\/fr\/ict-motor-un-moteur-dimplantation-dentaire-de-pointe\/\" >\n\t\t\t<div class=\"elementor-post__thumbnail\"><img loading=\"lazy\" decoding=\"async\" width=\"860\" height=\"632\" src=\"https:\/\/ocg.tn\/wp-content\/uploads\/2023\/07\/ict-motor-wl-1-e1688977248480.jpg\" class=\"attachment-1536x1536 size-1536x1536 wp-image-991\" alt=\"\" srcset=\"https:\/\/ocg.tn\/wp-content\/uploads\/2023\/07\/ict-motor-wl-1-e1688977248480.jpg 860w, https:\/\/ocg.tn\/wp-content\/uploads\/2023\/07\/ict-motor-wl-1-e1688977248480-300x220.jpg 300w, https:\/\/ocg.tn\/wp-content\/uploads\/2023\/07\/ict-motor-wl-1-e1688977248480-768x564.jpg 768w, https:\/\/ocg.tn\/wp-content\/uploads\/2023\/07\/ict-motor-wl-1-e1688977248480-16x12.jpg 16w\" sizes=\"(max-width: 860px) 100vw, 860px\" \/><\/div>\n\t\t<\/a>\n\t\t\t\t<div class=\"elementor-post__text\">\n\t\t\t\t<div class=\"elementor-post__title\">\n\t\t\t<a href=\"https:\/\/ocg.tn\/fr\/ict-motor-un-moteur-dimplantation-dentaire-de-pointe\/\" >\n\t\t\t\tICT Motor : un moteur d&#8217;implantation dentaire de pointe\t\t\t<\/a>\n\t\t<\/div>\n\t\t\t\t<div class=\"elementor-post__meta-data\">\n\t\t\t\t\t<span class=\"elementor-post-date\">\n\t\t\tjuillet 10, 2023\t\t<\/span>\n\t\t\t\t<\/div>\n\t\t\t\t<div class=\"elementor-post__excerpt\">\n\t\t\t<p>ICT Motor est un syst\u00e8me r\u00e9volutionnaire dans le domaine de la dentisterie implantaire. Con\u00e7u par la soci\u00e9t\u00e9 Dentium, partenaire de<\/p>\n\t\t<\/div>\n\t\t\t\t<\/div>\n\t\t\t\t<\/article>\n\t\t\t\t<article class=\"elementor-post elementor-grid-item post-995 post type-post status-publish format-standard has-post-thumbnail hentry category-uncategorized\">\n\t\t\t\t<a class=\"elementor-post__thumbnail__link\" href=\"https:\/\/ocg.tn\/fr\/limportance-de-la-maintenance-reguliere-des-equipements-dentaires\/\" >\n\t\t\t<div class=\"elementor-post__thumbnail\"><img loading=\"lazy\" decoding=\"async\" width=\"275\" height=\"183\" src=\"https:\/\/ocg.tn\/wp-content\/uploads\/2023\/07\/images.jpg\" class=\"attachment-1536x1536 size-1536x1536 wp-image-997\" alt=\"\" srcset=\"https:\/\/ocg.tn\/wp-content\/uploads\/2023\/07\/images.jpg 275w, https:\/\/ocg.tn\/wp-content\/uploads\/2023\/07\/images-18x12.jpg 18w\" sizes=\"(max-width: 275px) 100vw, 275px\" \/><\/div>\n\t\t<\/a>\n\t\t\t\t<div class=\"elementor-post__text\">\n\t\t\t\t<div class=\"elementor-post__title\">\n\t\t\t<a href=\"https:\/\/ocg.tn\/fr\/limportance-de-la-maintenance-reguliere-des-equipements-dentaires\/\" >\n\t\t\t\tL&#8217;importance de la maintenance r\u00e9guli\u00e8re des \u00e9quipements dentaires\t\t\t<\/a>\n\t\t<\/div>\n\t\t\t\t<div class=\"elementor-post__meta-data\">\n\t\t\t\t\t<span class=\"elementor-post-date\">\n\t\t\tjuillet 21, 2023\t\t<\/span>\n\t\t\t\t<\/div>\n\t\t\t\t<div class=\"elementor-post__excerpt\">\n\t\t\t<p>La maintenance r\u00e9guli\u00e8re des \u00e9quipements dentaires rev\u00eat une importance cruciale dans le domaine de la dentisterie. Ces \u00e9quipements sont essentiels<\/p>\n\t\t<\/div>\n\t\t\t\t<\/div>\n\t\t\t\t<\/article>\n\t\t\t\t<article class=\"elementor-post elementor-grid-item post-1006 post type-post status-publish format-standard has-post-thumbnail hentry category-uncategorized\">\n\t\t\t\t<a class=\"elementor-post__thumbnail__link\" href=\"https:\/\/ocg.tn\/fr\/graphy-excellence-etinnovation-au-service-dessoins-dentaires\/\" >\n\t\t\t<div class=\"elementor-post__thumbnail\"><img loading=\"lazy\" decoding=\"async\" width=\"595\" height=\"482\" src=\"https:\/\/ocg.tn\/wp-content\/uploads\/2023\/09\/Produkt-Models_graphy-1.png\" class=\"attachment-1536x1536 size-1536x1536 wp-image-1011\" alt=\"\" srcset=\"https:\/\/ocg.tn\/wp-content\/uploads\/2023\/09\/Produkt-Models_graphy-1.png 595w, https:\/\/ocg.tn\/wp-content\/uploads\/2023\/09\/Produkt-Models_graphy-1-300x243.png 300w, https:\/\/ocg.tn\/wp-content\/uploads\/2023\/09\/Produkt-Models_graphy-1-15x12.png 15w\" sizes=\"(max-width: 595px) 100vw, 595px\" \/><\/div>\n\t\t<\/a>\n\t\t\t\t<div class=\"elementor-post__text\">\n\t\t\t\t<div class=\"elementor-post__title\">\n\t\t\t<a href=\"https:\/\/ocg.tn\/fr\/graphy-excellence-etinnovation-au-service-dessoins-dentaires\/\" >\n\t\t\t\tGraphy : Excellence et innovation au service des soins dentaires\t\t\t<\/a>\n\t\t<\/div>\n\t\t\t\t<div class=\"elementor-post__meta-data\">\n\t\t\t\t\t<span class=\"elementor-post-date\">\n\t\t\tseptembre 13, 2023\t\t<\/span>\n\t\t\t\t<\/div>\n\t\t\t\t<div class=\"elementor-post__excerpt\">\n\t\t\t<p>OCG vous pr\u00e9sente un de ses meilleurs partenaires: Graphy.C\u2019est une marque innovante dans le domaine des produits dentaires, offrant une<\/p>\n\t\t<\/div>\n\t\t\t\t<\/div>\n\t\t\t\t<\/article>\n\t\t\t\t<\/div>\n\t\t\n\t\t\t\t\t\t<\/div>\n\t\t\t\t<\/div>\n\t\t\t\t\t<\/div>\n\t\t<\/div>\n\t\t\t\t\t<\/div>\n\t\t<\/section>\n\t\t\t\t<section class=\"elementor-section elementor-top-section elementor-element elementor-element-3a04002b elementor-section-boxed elementor-section-height-default elementor-section-height-default\" data-id=\"3a04002b\" data-element_type=\"section\" data-e-type=\"section\" data-settings=\"{&quot;background_background&quot;:&quot;classic&quot;}\">\n\t\t\t\t\t\t<div class=\"elementor-container elementor-column-gap-default\">\n\t\t\t\t\t<div class=\"elementor-column elementor-col-100 elementor-top-column elementor-element elementor-element-5e79324e\" data-id=\"5e79324e\" data-element_type=\"column\" data-e-type=\"column\">\n\t\t\t<div class=\"elementor-widget-wrap elementor-element-populated\">\n\t\t\t\t\t\t<div class=\"elementor-element elementor-element-4e948ab4 elementor-invisible elementor-widget elementor-widget-heading\" data-id=\"4e948ab4\" data-element_type=\"widget\" data-e-type=\"widget\" data-settings=\"{&quot;_animation&quot;:&quot;fadeInUp&quot;}\" data-widget_type=\"heading.default\">\n\t\t\t\t<div class=\"elementor-widget-container\">\n\t\t\t\t\t<h2 class=\"elementor-heading-title elementor-size-default\">High Innovative Technology &amp; Professional Dentists<\/h2>\t\t\t\t<\/div>\n\t\t\t\t<\/div>\n\t\t\t\t<div class=\"elementor-element elementor-element-8f75b0e elementor-invisible elementor-widget elementor-widget-text-editor\" data-id=\"8f75b0e\" data-element_type=\"widget\" data-e-type=\"widget\" data-settings=\"{&quot;_animation&quot;:&quot;fadeInUp&quot;,&quot;_animation_delay&quot;:100}\" data-widget_type=\"text-editor.default\">\n\t\t\t\t<div class=\"elementor-widget-container\">\n\t\t\t\t\t\t\t\t\t<p>Follow us for more<\/p>\t\t\t\t\t\t\t\t<\/div>\n\t\t\t\t<\/div>\n\t\t\t\t<div class=\"elementor-element elementor-element-a3d35e elementor-align-center animated-slow elementor-invisible elementor-widget elementor-widget-button\" data-id=\"a3d35e\" data-element_type=\"widget\" data-e-type=\"widget\" data-settings=\"{&quot;_animation&quot;:&quot;fadeInUp&quot;,&quot;_animation_delay&quot;:200}\" data-widget_type=\"button.default\">\n\t\t\t\t<div class=\"elementor-widget-container\">\n\t\t\t\t\t\t\t\t\t<div class=\"elementor-button-wrapper\">\n\t\t\t\t\t<a class=\"elementor-button elementor-button-link elementor-size-sm\" href=\"#\">\n\t\t\t\t\t\t<span class=\"elementor-button-content-wrapper\">\n\t\t\t\t\t\t\t\t\t<span class=\"elementor-button-text\">Prendre un RDV<\/span>\n\t\t\t\t\t<\/span>\n\t\t\t\t\t<\/a>\n\t\t\t\t<\/div>\n\t\t\t\t\t\t\t\t<\/div>\n\t\t\t\t<\/div>\n\t\t\t\t\t<\/div>\n\t\t<\/div>\n\t\t\t\t\t<\/div>\n\t\t<\/section>\n\t\t\t\t<\/div>","protected":false},"excerpt":{"rendered":"<p>High Innovative Technology &#038; Professional Dentists Follow us for more Make an appointment<\/p>","protected":false},"author":1,"featured_media":0,"parent":0,"menu_order":0,"comment_status":"closed","ping_status":"closed","template":"","meta":{"footnotes":""},"class_list":["post-966","page","type-page","status-publish","hentry"],"_links":{"self":[{"href":"https:\/\/ocg.tn\/fr\/wp-json\/wp\/v2\/pages\/966","targetHints":{"allow":["GET"]}}],"collection":[{"href":"https:\/\/ocg.tn\/fr\/wp-json\/wp\/v2\/pages"}],"about":[{"href":"https:\/\/ocg.tn\/fr\/wp-json\/wp\/v2\/types\/page"}],"author":[{"embeddable":true,"href":"https:\/\/ocg.tn\/fr\/wp-json\/wp\/v2\/users\/1"}],"replies":[{"embeddable":true,"href":"https:\/\/ocg.tn\/fr\/wp-json\/wp\/v2\/comments?post=966"}],"version-history":[{"count":11,"href":"https:\/\/ocg.tn\/fr\/wp-json\/wp\/v2\/pages\/966\/revisions"}],"predecessor-version":[{"id":985,"href":"https:\/\/ocg.tn\/fr\/wp-json\/wp\/v2\/pages\/966\/revisions\/985"}],"wp:attachment":[{"href":"https:\/\/ocg.tn\/fr\/wp-json\/wp\/v2\/media?parent=966"}],"curies":[{"name":"wp","href":"https:\/\/api.w.org\/{rel}","templated":true}]}}